{"id":4,"date":"2009-02-22T09:57:45","date_gmt":"2009-02-22T09:57:45","guid":{"rendered":"http:\/\/www.dl8stwblog.freiraumwelle.de\/?page_id=4"},"modified":"2013-03-14T20:26:56","modified_gmt":"2013-03-14T19:26:56","slug":"about","status":"publish","type":"page","link":"http:\/\/www.dl8stwblog.freiraumwelle.de\/?page_id=4","title":{"rendered":"DL8STW"},"content":{"rendered":"<p><img loading=\"lazy\" title=\"PIC_DL8STW.png\" src=\"http:\/\/www.dl8stwblog.freiraumwelle.de\/wp-content\/uploads\/2010\/12\/PIC_DL8STW.png\" alt=\"PIC_DL8STW.png\" width=\"150\" height=\"191\" border=\"0\" \/><\/p>\n<p><strong>Name: <\/strong>Stephan Werker<\/p>\n<p><strong>Rufzeichen<\/strong>:\u00a0DL8STW, ex DO1STW<\/p>\n<p>und DN1STW (als Ausbildungsrufzeichen)<\/p>\n<p><strong>Amateurfunklizenz seit: <\/strong>2007<\/p>\n<p><strong>QTH: Merzenich-Golzheim<\/strong>, JO 3\u00d8 GU<\/p>\n<p>\u00a0<\/p>\n<p><strong>Ausbildung\/Beruf: <\/strong><\/p>\n<ul>\n<ul>\n<li>Master of Science\u00a0(<a href=\"http:\/\/www.mcsn.de\/\">Kommunikationssysteme und Netze<\/a>)<\/li>\n<\/ul>\n<\/ul>\n<ul>\n<ul>\n<li>Dipl.-Ing. (FH) Elektrotechnik (Fachrichtung Kommunikationstechnik)<\/li>\n<\/ul>\n<\/ul>\n<ul>\n<ul>\n<li>Hardwareentwickler bei einem Automobilzulieferer<\/li>\n<\/ul>\n<\/ul>\n<ul>\n<ul>\n<li>ehemaliger Wissenschaftlicher Mitarbeiter im <a href=\"http:\/\/www.hf-lab-koeln.de\/\">Labor f\u00fcr Hochfrequenztechnik der FH K\u00f6ln<\/a><\/li>\n<\/ul>\n<\/ul>\n<p>\u00a0<\/p>\n<p><strong>Interessen:<\/strong><\/p>\n<p>Entwickeln und basteln an und mit technischen Ger\u00e4ten. Im elektronischen Bereich besonders gerne an Antennen, Empf\u00e4ngern, Sendern (HF-)Verst\u00e4rkern (wie PAs und LNAs) und Schaltungen zur Spannungversorgung. \u00a0Die digitale Seite darf nicht zu kurz kommen; hier finde Microcontroller, Linux, Mac, und wie man sieht WordPress spannend. Nebenbei restauriere ich ich noch alte Mopeds und Landmaschinen und mache viel\u00a0<a href=\"http:\/\/www.judo-tvmanheim.de\">Sport<\/a>.\u00a0<\/p>\n<p>\u00a0<\/p>\n<p><strong>Wettbewerbe:<\/strong><\/p>\n<ul>\n<ul>\n<li>Gewinner <a href=\"http:\/\/ims2012.mtt.org\/en\/Studentdesigncompetition\">Rugged High-Linearity, Low-Noise Amplifiers; IEEE\/MTT Student Design Competition<\/a>;\u00a0IMS 2012 in Montreal; zusammen mit Christian Stedler<\/li>\n<\/ul>\n<\/ul>\n<ul>\n<ul>\n<li>2. Platz <a href=\"http:\/\/ims2012.mtt.org\/en\/Studentdesigncompetition\">Wireless Energy Harvesting; IEEE\/MTT Student Design Competition<\/a>;\u00a0IMS 2012 in Montreal; zusammen mit Tobias Michalski<\/li>\n<\/ul>\n<\/ul>\n<ul>\n<ul>\n<li>Gewinner\u00a0<a href=\"http:\/\/ims2011.org\/Technical_Program\/Student_Competitions\/Student_Design_Competition_3.html\">IEEE Low Noise Amplifier Student Design Competition<\/a>;\u00a0IMS 2011 in Baltimore; zusammen mit Christian Stedler<\/li>\n<\/ul>\n<\/ul>\n<ul>\n<ul>\n<li>Gewinner <a href=\"http:\/\/www.feko.info\/about-us\/News\/student-competition-winner-2008\/student-competition-winner-2008\">FEKO Student Paper Competition 2008<\/a> zusammen mit Markus Birk und Jens Holzapfel<\/li>\n<\/ul>\n<\/ul>\n<p>\u00a0<\/p>\n<p><strong>Ver\u00f6ffentlichungen\/Publikationen:<\/strong><\/p>\n<ul>\n<ul>\n<li>Christian Stedler, Stephan Werker ,Rainer Kronberger; &#8222;Rugged\u00a0<em>High Linearity Low Noise Amplifier for 1.57 GHz GPS Band<\/em>&#8222;; IEEE Microwave Magazine ,\u00a0pp. 102- 107, No. 1 January\/Febuary 2013<\/li>\n<\/ul>\n<\/ul>\n<ul>\n<ul>\n<li>Stephan Werker; &#8222;<em>Schutz vor Fehlspannungen &#8211; simpel, aber wirkungsvoll<\/em>&#8222;; Funkamateur 7-2012, \u00a0S.704-705<\/li>\n<\/ul>\n<\/ul>\n<ul>\n<ul>\n<li>Stephan Werker, Christian Stedler, Rainer Kronberger; &#8222;<em>Highly Linear Low Noise Amplifier for 2.45 GHz<\/em>&#8222;; IEEE Microwave Magazine, \u00a0Volume 13,\u00a0pp. 146- 151, No. 1 January\/Febuary 2012<\/li>\n<\/ul>\n<\/ul>\n<ul>\n<ul>\n<li>St. Werker, M. Birk, R. Kronberger; <em>&#8222;Modifizierte Corner-Reflektor-Antenne&#8220;<\/em>; CQ-DL 7-2010; DARC-Verlag<\/li>\n<\/ul>\n<\/ul>\n<ul>\n<ul>\n<li>St. Werker, V. Wienstroer, R. Kronberger; <em>&#8222;Helix \u00a0Antenna With Parasitic Element For Axial Ratio Improvement&#8220;<\/em>, IEEE; EuCap 2010.<\/li>\n<\/ul>\n<\/ul>\n<p>\u00a0<\/p>\n<p><strong>Sonstiges:<\/strong><\/p>\n<p>Mitarbeit an der deutschen \u00dcbersetztung des Logbuchprogramms <a href=\"http:\/\/www.aetherlog.com\/\"> Aether <\/a>; zusammen mit <a href=\"http:\/\/do8dsp.freiraumwelle.de\/\"> DO8DSP<\/a><\/p>\n<p>\u00a0<\/p>\n<p>\u00a0<\/p>\n<p><strong>Kontakt:<\/strong><\/p>\n<div role=\"form\" class=\"wpcf7\" id=\"wpcf7-f2381-o1\" dir=\"ltr\">\n<div class=\"screen-reader-response\"><\/div>\n<form action=\"\/index.php?rest_route=%2Fwp%2Fv2%2Fpages%2F4#wpcf7-f2381-o1\" method=\"post\" class=\"wpcf7-form\" novalidate=\"novalidate\">\n<div style=\"display: none;\">\n<input type=\"hidden\" name=\"_wpcf7\" value=\"2381\" \/>\n<input type=\"hidden\" name=\"_wpcf7_version\" value=\"4.9.1\" \/>\n<input type=\"hidden\" name=\"_wpcf7_locale\" value=\"\" \/>\n<input type=\"hidden\" name=\"_wpcf7_unit_tag\" value=\"wpcf7-f2381-o1\" \/>\n<input type=\"hidden\" name=\"_wpcf7_container_post\" value=\"0\" \/>\n<\/div>\n<p>Ihre Name (Pflichtfeld)<br \/>\n    <span class=\"wpcf7-form-control-wrap your-name\"><input type=\"text\" name=\"your-name\" value=\"\" size=\"40\" class=\"wpcf7-form-control wpcf7-text wpcf7-validates-as-required\" aria-required=\"true\" aria-invalid=\"false\" \/><\/span> <\/p>\n<p>Ihre Email (Pflichtfeld)<br \/>\n    <span class=\"wpcf7-form-control-wrap your-email\"><input type=\"email\" name=\"your-email\" value=\"\" size=\"40\" class=\"wpcf7-form-control wpcf7-text wpcf7-email wpcf7-validates-as-required wpcf7-validates-as-email\" aria-required=\"true\" aria-invalid=\"false\" \/><\/span> <\/p>\n<p>Betreff<br \/>\n    <span class=\"wpcf7-form-control-wrap your-subject\"><input type=\"text\" name=\"your-subject\" value=\"\" size=\"40\" class=\"wpcf7-form-control wpcf7-text\" aria-invalid=\"false\" \/><\/span> <\/p>\n<p>Ihre Nachricht<br \/>\n    <span class=\"wpcf7-form-control-wrap your-message\"><textarea name=\"your-message\" cols=\"40\" rows=\"10\" class=\"wpcf7-form-control wpcf7-textarea\" aria-invalid=\"false\"><\/textarea><\/span> <\/p>\n<p><input type=\"submit\" value=\"Senden\" class=\"wpcf7-form-control wpcf7-submit\" \/><\/p>\n<div class=\"wpcf7-response-output wpcf7-display-none\"><\/div><\/form><\/div>\n<p>oder:<\/p>\n<p>dl8stw(at)darc.de, \u00a0dl8stw(at)freiraumwelle.de<\/p>\n<p>\u00a0<\/p>\n<p>\u00a0<\/p>\n<p>\u00a0<\/p>\n<p>\u00a0<\/p>\n","protected":false},"excerpt":{"rendered":"<p>Name: Stephan Werker Rufzeichen:\u00a0DL8STW, ex DO1STW und DN1STW (als Ausbildungsrufzeichen) Amateurfunklizenz seit: 2007 QTH: Merzenich-Golzheim, JO 3\u00d8 GU \u00a0 Ausbildung\/Beruf: Master of Science\u00a0(Kommunikationssysteme und Netze) Dipl.-Ing. (FH) Elektrotechnik (Fachrichtung Kommunikationstechnik) Hardwareentwickler bei einem Automobilzulieferer ehemaliger Wissenschaftlicher Mitarbeiter im Labor f\u00fcr &hellip; <a href=\"http:\/\/www.dl8stwblog.freiraumwelle.de\/?page_id=4\">Weiterlesen <span class=\"meta-nav\">&rarr;<\/span><\/a><\/p>\n","protected":false},"author":2,"featured_media":0,"parent":0,"menu_order":0,"comment_status":"open","ping_status":"open","template":"","meta":[],"_links":{"self":[{"href":"http:\/\/www.dl8stwblog.freiraumwelle.de\/index.php?rest_route=\/wp\/v2\/pages\/4"}],"collection":[{"href":"http:\/\/www.dl8stwblog.freiraumwelle.de\/index.php?rest_route=\/wp\/v2\/pages"}],"about":[{"href":"http:\/\/www.dl8stwblog.freiraumwelle.de\/index.php?rest_route=\/wp\/v2\/types\/page"}],"author":[{"embeddable":true,"href":"http:\/\/www.dl8stwblog.freiraumwelle.de\/index.php?rest_route=\/wp\/v2\/users\/2"}],"replies":[{"embeddable":true,"href":"http:\/\/www.dl8stwblog.freiraumwelle.de\/index.php?rest_route=%2Fwp%2Fv2%2Fcomments&post=4"}],"version-history":[{"count":138,"href":"http:\/\/www.dl8stwblog.freiraumwelle.de\/index.php?rest_route=\/wp\/v2\/pages\/4\/revisions"}],"predecessor-version":[{"id":2620,"href":"http:\/\/www.dl8stwblog.freiraumwelle.de\/index.php?rest_route=\/wp\/v2\/pages\/4\/revisions\/2620"}],"wp:attachment":[{"href":"http:\/\/www.dl8stwblog.freiraumwelle.de\/index.php?rest_route=%2Fwp%2Fv2%2Fmedia&parent=4"}],"curies":[{"name":"wp","href":"https:\/\/api.w.org\/{rel}","templated":true}]}}