{"id":93,"date":"2009-04-01T12:45:39","date_gmt":"2009-04-01T12:45:39","guid":{"rendered":"http:\/\/dl8stw.wordpress.com\/?page_id=93"},"modified":"2012-01-18T08:52:23","modified_gmt":"2012-01-18T07:52:23","slug":"93-2","status":"publish","type":"page","link":"http:\/\/www.dl8stwblog.freiraumwelle.de\/?page_id=93","title":{"rendered":"Impressum"},"content":{"rendered":"<p>W W W . F R E I R A U M W E L L E .DE<\/p>\n<p>\u00a0<\/p>\n<p>Stephan Werker<\/p>\n<p>Hunsgasse 3<\/p>\n<p>52399 Merzenich<\/p>\n<p>\u00a0<\/p>\n<p>Inhaltlich verantwortlich gem\u00e4\u00df \u00a7 10 Absatz 3 MDStV Stephan Werker<\/p>\n<p>Copyright Alle Rechte vorbehalten. Jegliche Vervielf\u00e4ltigung oder Weiterverbreitung von Texten und\/oder Grafiken dieser Webseite als Ganzes oder in Teilen bedarf meiner Zustimmung.<\/p>\n<p>Haftungshinweis Trotz sorgf\u00e4ltiger inhaltlicher Kontrolle \u00fcbernehme ich keine Haftung f\u00fcr die Inhalte externer Links. F\u00fcr den Inhalt der verlinkten Seiten sind ausschlie\u00dflich deren Betreiber verantwortlich. Weiterhin \u00fcbernehme ich keine Haftung f\u00fcr Sach- und Personensch\u00e4den die durch Nachbau\/ Nachahmung der auf dieser Internetseite \u00a0beschriebenen Inhalte entsteht.<\/p>\n<p>Stephan Werker 2010-03-7<\/p>\n","protected":false},"excerpt":{"rendered":"<p>W W W . F R E I R A U M W E L L E .DE \u00a0 Stephan Werker Hunsgasse 3 52399 Merzenich \u00a0 Inhaltlich verantwortlich gem\u00e4\u00df \u00a7 10 Absatz 3 MDStV Stephan Werker Copyright Alle Rechte vorbehalten. &hellip; <a href=\"http:\/\/www.dl8stwblog.freiraumwelle.de\/?page_id=93\">Weiterlesen <span class=\"meta-nav\">&rarr;<\/span><\/a><\/p>\n","protected":false},"author":2,"featured_media":0,"parent":0,"menu_order":0,"comment_status":"open","ping_status":"open","template":"","meta":[],"_links":{"self":[{"href":"http:\/\/www.dl8stwblog.freiraumwelle.de\/index.php?rest_route=\/wp\/v2\/pages\/93"}],"collection":[{"href":"http:\/\/www.dl8stwblog.freiraumwelle.de\/index.php?rest_route=\/wp\/v2\/pages"}],"about":[{"href":"http:\/\/www.dl8stwblog.freiraumwelle.de\/index.php?rest_route=\/wp\/v2\/types\/page"}],"author":[{"embeddable":true,"href":"http:\/\/www.dl8stwblog.freiraumwelle.de\/index.php?rest_route=\/wp\/v2\/users\/2"}],"replies":[{"embeddable":true,"href":"http:\/\/www.dl8stwblog.freiraumwelle.de\/index.php?rest_route=%2Fwp%2Fv2%2Fcomments&post=93"}],"version-history":[{"count":16,"href":"http:\/\/www.dl8stwblog.freiraumwelle.de\/index.php?rest_route=\/wp\/v2\/pages\/93\/revisions"}],"predecessor-version":[{"id":2462,"href":"http:\/\/www.dl8stwblog.freiraumwelle.de\/index.php?rest_route=\/wp\/v2\/pages\/93\/revisions\/2462"}],"wp:attachment":[{"href":"http:\/\/www.dl8stwblog.freiraumwelle.de\/index.php?rest_route=%2Fwp%2Fv2%2Fmedia&parent=93"}],"curies":[{"name":"wp","href":"https:\/\/api.w.org\/{rel}","templated":true}]}}